{"id":4914,"date":"2023-08-25T09:58:01","date_gmt":"2023-08-25T09:58:01","guid":{"rendered":"https:\/\/vidalalimentacio.com\/productes\/"},"modified":"2023-09-07T07:07:43","modified_gmt":"2023-09-07T07:07:43","slug":"productes","status":"publish","type":"page","link":"https:\/\/vidalalimentacio.com\/es\/productes\/","title":{"rendered":"Productos"},"content":{"rendered":"[vc_row type=\u00bbfull_width_background\u00bb full_screen_row_position=\u00bbmiddle\u00bb column_margin=\u00bbdefault\u00bb column_direction=\u00bbdefault\u00bb column_direction_tablet=\u00bbdefault\u00bb column_direction_phone=\u00bbdefault\u00bb bg_color=\u00bbrgba(205,190,190,0.43)\u00bb bg_image=\u00bb4621&#8243; bg_position=\u00bbcenter center\u00bb background_image_loading=\u00bbdefault\u00bb bg_repeat=\u00bbno-repeat\u00bb scene_position=\u00bbcenter\u00bb top_padding=\u00bb75&#8243; constrain_group_1=\u00bbyes\u00bb bottom_padding=\u00bb75&#8243; text_color=\u00bbdark\u00bb text_align=\u00bbleft\u00bb row_border_radius=\u00bbnone\u00bb row_border_radius_applies=\u00bbbg\u00bb overflow=\u00bbvisible\u00bb color_overlay=\u00bb#eaeaea\u00bb overlay_strength=\u00bb0.8&#8243; gradient_direction=\u00bbleft_to_right\u00bb shape_divider_position=\u00bbbottom\u00bb bg_image_animation=\u00bbnone\u00bb gradient_type=\u00bbdefault\u00bb shape_type=\u00bb\u00bb][vc_column column_padding=\u00bbno-extra-padding\u00bb column_padding_tablet=\u00bbinherit\u00bb column_padding_phone=\u00bbinherit\u00bb column_padding_position=\u00bball\u00bb column_element_direction_desktop=\u00bbdefault\u00bb column_element_spacing=\u00bbdefault\u00bb centered_text=\u00bbtrue\u00bb desktop_text_alignment=\u00bbdefault\u00bb tablet_text_alignment=\u00bbdefault\u00bb phone_text_alignment=\u00bbdefault\u00bb background_color_opacity=\u00bb1&#8243; background_hover_color_opacity=\u00bb1&#8243; column_backdrop_filter=\u00bbnone\u00bb column_shadow=\u00bbnone\u00bb column_border_radius=\u00bbnone\u00bb column_link_target=\u00bb_self\u00bb column_position=\u00bbdefault\u00bb gradient_direction=\u00bbleft_to_right\u00bb overlay_strength=\u00bb0.3&#8243; width=\u00bb1\/1&#8243; tablet_width_inherit=\u00bbdefault\u00bb animation_type=\u00bbdefault\u00bb enable_animation=\u00bbtrue\u00bb animation=\u00bbfade-in\u00bb animation_easing=\u00bbdefault\u00bb bg_image_animation=\u00bbnone\u00bb border_type=\u00bbsimple\u00bb column_border_width=\u00bbnone\u00bb column_border_style=\u00bbsolid\u00bb column_padding_type=\u00bbdefault\u00bb gradient_type=\u00bbdefault\u00bb][nectar_highlighted_text scribble_color=\u00bb#df2a1c\u00bb style=\u00bbscribble\u00bb scribble_shape=\u00bbsquiggle-underline\u00bb scribble_thickness=\u00bbthin\u00bb scribble_speed=\u00bb1.3s\u00bb scribble_easing=\u00bbease_in_out\u00bb delay=\u00bb150&#8243;]\n<h1><em>Nuestros productos <\/em><\/h1>\n[\/nectar_highlighted_text][vc_row_inner column_margin=\u00bbdefault\u00bb column_direction=\u00bbdefault\u00bb column_direction_tablet=\u00bbdefault\u00bb column_direction_phone=\u00bbdefault\u00bb top_padding=\u00bb50&#8243; text_align=\u00bbleft\u00bb row_position=\u00bbdefault\u00bb row_position_tablet=\u00bbinherit\u00bb row_position_phone=\u00bbinherit\u00bb overflow=\u00bbvisible\u00bb pointer_events=\u00bball\u00bb][vc_column_inner column_padding=\u00bbno-extra-padding\u00bb column_padding_tablet=\u00bbinherit\u00bb column_padding_phone=\u00bbinherit\u00bb column_padding_position=\u00bball\u00bb column_element_direction_desktop=\u00bbdefault\u00bb column_element_spacing=\u00bbdefault\u00bb desktop_text_alignment=\u00bbdefault\u00bb tablet_text_alignment=\u00bbdefault\u00bb phone_text_alignment=\u00bbdefault\u00bb background_color_opacity=\u00bb1&#8243; background_hover_color_opacity=\u00bb1&#8243; column_backdrop_filter=\u00bbnone\u00bb column_shadow=\u00bbnone\u00bb column_border_radius=\u00bbnone\u00bb column_link_target=\u00bb_self\u00bb overflow=\u00bbvisible\u00bb gradient_direction=\u00bbleft_to_right\u00bb overlay_strength=\u00bb0.3&#8243; width=\u00bb1\/1&#8243; tablet_width_inherit=\u00bbdefault\u00bb animation_type=\u00bbdefault\u00bb enable_animation=\u00bbtrue\u00bb animation=\u00bbfade-in-from-bottom\u00bb animation_easing=\u00bbdefault\u00bb bg_image_animation=\u00bbnone\u00bb border_type=\u00bbsimple\u00bb column_border_width=\u00bbnone\u00bb column_border_style=\u00bbsolid\u00bb column_padding_type=\u00bbdefault\u00bb gradient_type=\u00bbdefault\u00bb][split_line_heading animation_type=\u00bbline-reveal-by-space\u00bb font_style=\u00bbp\u00bb line_reveal_by_space_text_effect=\u00bbdefault\u00bb content_alignment=\u00bbdefault\u00bb mobile_content_alignment=\u00bbinherit\u00bb link_target=\u00bb_self\u00bb text_content=\u00bb\u00a1Productos frescos y de m\u00e1xima calidad, descubre los productos que distribuimos!\u00bb][\/split_line_heading][nectar_cta btn_style=\u00bbsee-through\u00bb heading_tag=\u00bbp\u00bb button_color=\u00bbdefault\u00bb text_color=\u00bb#494949&#8243; button_border_thickness=\u00bb0px\u00bb link_type=\u00bbregular\u00bb alignment=\u00bbcenter\u00bb alignment_tablet=\u00bbdefault\u00bb alignment_phone=\u00bbdefault\u00bb display=\u00bbblock\u00bb display_tablet=\u00bbinherit\u00bb display_phone=\u00bbinherit\u00bb link_text=\u00bbSi necesitas m\u00e1s informaci\u00f3n, cont\u00e1ctanos\u00bb url=\u00bbhttps:\/\/vidalalimentacio.com\/es\/contacte\/\u00bb][\/vc_column_inner][\/vc_row_inner][\/vc_column][\/vc_row][vc_row type=\u00bbfull_width_content\u00bb full_screen_row_position=\u00bbmiddle\u00bb column_margin=\u00bbdefault\u00bb column_direction=\u00bbdefault\u00bb column_direction_tablet=\u00bbdefault\u00bb column_direction_phone=\u00bbdefault\u00bb scene_position=\u00bbcenter\u00bb top_padding=\u00bb75&#8243; constrain_group_1=\u00bbyes\u00bb bottom_padding=\u00bb75&#8243; left_padding_desktop=\u00bb5%\u00bb constrain_group_2=\u00bbyes\u00bb right_padding_desktop=\u00bb5%\u00bb text_color=\u00bbdark\u00bb text_align=\u00bbleft\u00bb row_border_radius=\u00bbnone\u00bb row_border_radius_applies=\u00bbbg\u00bb overflow=\u00bbvisible\u00bb overlay_strength=\u00bb0.3&#8243; gradient_direction=\u00bbleft_to_right\u00bb shape_divider_position=\u00bbbottom\u00bb bg_image_animation=\u00bbnone\u00bb gradient_type=\u00bbdefault\u00bb shape_type=\u00bb\u00bb][vc_column column_padding=\u00bbno-extra-padding\u00bb column_padding_tablet=\u00bbinherit\u00bb column_padding_phone=\u00bbinherit\u00bb column_padding_position=\u00bball\u00bb column_element_direction_desktop=\u00bbdefault\u00bb column_element_spacing=\u00bbdefault\u00bb desktop_text_alignment=\u00bbdefault\u00bb tablet_text_alignment=\u00bbdefault\u00bb phone_text_alignment=\u00bbdefault\u00bb background_color_opacity=\u00bb1&#8243; background_hover_color_opacity=\u00bb1&#8243; column_backdrop_filter=\u00bbnone\u00bb column_shadow=\u00bbnone\u00bb column_border_radius=\u00bbnone\u00bb column_link_target=\u00bb_self\u00bb column_position=\u00bbdefault\u00bb gradient_direction=\u00bbleft_to_right\u00bb overlay_strength=\u00bb0.3&#8243; width=\u00bb1\/1&#8243; tablet_width_inherit=\u00bbdefault\u00bb animation_type=\u00bbdefault\u00bb bg_image_animation=\u00bbnone\u00bb border_type=\u00bbsimple\u00bb column_border_width=\u00bbnone\u00bb column_border_style=\u00bbsolid\u00bb][vc_gallery type=\u00bbimage_grid\u00bb images=\u00bb4672,4675,4678,4824,4825,4716,4717,4721,4601,4723,4724,4726,4727&#8243; image_grid_loading=\u00bbdefault\u00bb display_title_caption=\u00bbtrue\u00bb layout=\u00bb4&#8243; masonry_style=\u00bbtrue\u00bb item_spacing=\u00bb1px\u00bb gallery_style=\u00bb3&#8243; load_in_animation=\u00bbfade_in\u00bb][\/vc_column][\/vc_row]\n","protected":false},"excerpt":{"rendered":"<p>[vc_row type=\u00bbfull_width_background\u00bb full_screen_row_position=\u00bbmiddle\u00bb column_margin=\u00bbdefault\u00bb column_direction=\u00bbdefault\u00bb column_direction_tablet=\u00bbdefault\u00bb column_direction_phone=\u00bbdefault\u00bb bg_color=\u00bbrgba(205,190,190,0.43)\u00bb bg_image=\u00bb4621&#8243; bg_position=\u00bbcenter center\u00bb background_image_loading=\u00bbdefault\u00bb bg_repeat=\u00bbno-repeat\u00bb scene_position=\u00bbcenter\u00bb top_padding=\u00bb75&#8243; constrain_group_1=\u00bbyes\u00bb bottom_padding=\u00bb75&#8243; text_color=\u00bbdark\u00bb text_align=\u00bbleft\u00bb row_border_radius=\u00bbnone\u00bb row_border_radius_applies=\u00bbbg\u00bb overflow=\u00bbvisible\u00bb color_overlay=\u00bb#eaeaea\u00bb overlay_strength=\u00bb0.8&#8243; gradient_direction=\u00bbleft_to_right\u00bb shape_divider_position=\u00bbbottom\u00bb bg_image_animation=\u00bbnone\u00bb gradient_type=\u00bbdefault\u00bb shape_type=\u00bb\u00bb][vc_column column_padding=\u00bbno-extra-padding\u00bb&#8230;<\/p>\n","protected":false},"author":1,"featured_media":0,"parent":0,"menu_order":0,"comment_status":"closed","ping_status":"closed","template":"","meta":{"footnotes":""},"class_list":["post-4914","page","type-page","status-publish"],"yoast_head":"<!-- This site is optimized with the Yoast SEO plugin v21.1 - https:\/\/yoast.com\/wordpress\/plugins\/seo\/ -->\n<title>Distribu\u00efm productes frescos i de m\u00e0xima qualitat per Osona<\/title>\n<meta name=\"description\" content=\"Distribu\u00efm productes frescos i de m\u00e0xima qualitat per Osona. Pernils, ib\u00e8rics, embotits, formatges, pizzes, canelons, congelats...\" \/>\n<meta name=\"robots\" content=\"index, follow, max-snippet:-1, max-image-preview:large, max-video-preview:-1\" \/>\n<link rel=\"canonical\" href=\"https:\/\/vidalalimentacio.com\/es\/productes\/\" \/>\n<meta property=\"og:locale\" content=\"es_ES\" \/>\n<meta property=\"og:type\" content=\"article\" \/>\n<meta property=\"og:title\" content=\"Distribu\u00efm productes frescos i de m\u00e0xima qualitat per Osona\" \/>\n<meta property=\"og:description\" content=\"Distribu\u00efm productes frescos i de m\u00e0xima qualitat per Osona. Pernils, ib\u00e8rics, embotits, formatges, pizzes, canelons, congelats...\" \/>\n<meta property=\"og:url\" content=\"https:\/\/vidalalimentacio.com\/es\/productes\/\" \/>\n<meta property=\"og:site_name\" content=\"Vidal Alimentaci\u00f3\" \/>\n<meta property=\"article:modified_time\" content=\"2023-09-07T07:07:43+00:00\" \/>\n<meta name=\"twitter:card\" content=\"summary_large_image\" \/>\n<meta name=\"twitter:label1\" content=\"Tiempo de lectura\" \/>\n\t<meta name=\"twitter:data1\" content=\"2 minutos\" \/>\n<script type=\"application\/ld+json\" class=\"yoast-schema-graph\">{\"@context\":\"https:\/\/schema.org\",\"@graph\":[{\"@type\":\"WebPage\",\"@id\":\"https:\/\/vidalalimentacio.com\/es\/productes\/\",\"url\":\"https:\/\/vidalalimentacio.com\/es\/productes\/\",\"name\":\"Distribu\u00efm productes frescos i de m\u00e0xima qualitat per Osona\",\"isPartOf\":{\"@id\":\"https:\/\/vidalalimentacio.com\/#website\"},\"datePublished\":\"2023-08-25T09:58:01+00:00\",\"dateModified\":\"2023-09-07T07:07:43+00:00\",\"description\":\"Distribu\u00efm productes frescos i de m\u00e0xima qualitat per Osona. Pernils, ib\u00e8rics, embotits, formatges, pizzes, canelons, congelats...\",\"breadcrumb\":{\"@id\":\"https:\/\/vidalalimentacio.com\/es\/productes\/#breadcrumb\"},\"inLanguage\":\"es\",\"potentialAction\":[{\"@type\":\"ReadAction\",\"target\":[\"https:\/\/vidalalimentacio.com\/es\/productes\/\"]}]},{\"@type\":\"BreadcrumbList\",\"@id\":\"https:\/\/vidalalimentacio.com\/es\/productes\/#breadcrumb\",\"itemListElement\":[{\"@type\":\"ListItem\",\"position\":1,\"name\":\"Portada\",\"item\":\"https:\/\/vidalalimentacio.com\/es\/inici\/\"},{\"@type\":\"ListItem\",\"position\":2,\"name\":\"Productos\"}]},{\"@type\":\"WebSite\",\"@id\":\"https:\/\/vidalalimentacio.com\/#website\",\"url\":\"https:\/\/vidalalimentacio.com\/\",\"name\":\"Vidal Alimentaci\u00f3\",\"description\":\"\",\"potentialAction\":[{\"@type\":\"SearchAction\",\"target\":{\"@type\":\"EntryPoint\",\"urlTemplate\":\"https:\/\/vidalalimentacio.com\/?s={search_term_string}\"},\"query-input\":\"required name=search_term_string\"}],\"inLanguage\":\"es\"}]}<\/script>\n<!-- \/ Yoast SEO plugin. -->","yoast_head_json":{"title":"Distribu\u00efm productes frescos i de m\u00e0xima qualitat per Osona","description":"Distribu\u00efm productes frescos i de m\u00e0xima qualitat per Osona. Pernils, ib\u00e8rics, embotits, formatges, pizzes, canelons, congelats...","robots":{"index":"index","follow":"follow","max-snippet":"max-snippet:-1","max-image-preview":"max-image-preview:large","max-video-preview":"max-video-preview:-1"},"canonical":"https:\/\/vidalalimentacio.com\/es\/productes\/","og_locale":"es_ES","og_type":"article","og_title":"Distribu\u00efm productes frescos i de m\u00e0xima qualitat per Osona","og_description":"Distribu\u00efm productes frescos i de m\u00e0xima qualitat per Osona. Pernils, ib\u00e8rics, embotits, formatges, pizzes, canelons, congelats...","og_url":"https:\/\/vidalalimentacio.com\/es\/productes\/","og_site_name":"Vidal Alimentaci\u00f3","article_modified_time":"2023-09-07T07:07:43+00:00","twitter_card":"summary_large_image","twitter_misc":{"Tiempo de lectura":"2 minutos"},"schema":{"@context":"https:\/\/schema.org","@graph":[{"@type":"WebPage","@id":"https:\/\/vidalalimentacio.com\/es\/productes\/","url":"https:\/\/vidalalimentacio.com\/es\/productes\/","name":"Distribu\u00efm productes frescos i de m\u00e0xima qualitat per Osona","isPartOf":{"@id":"https:\/\/vidalalimentacio.com\/#website"},"datePublished":"2023-08-25T09:58:01+00:00","dateModified":"2023-09-07T07:07:43+00:00","description":"Distribu\u00efm productes frescos i de m\u00e0xima qualitat per Osona. Pernils, ib\u00e8rics, embotits, formatges, pizzes, canelons, congelats...","breadcrumb":{"@id":"https:\/\/vidalalimentacio.com\/es\/productes\/#breadcrumb"},"inLanguage":"es","potentialAction":[{"@type":"ReadAction","target":["https:\/\/vidalalimentacio.com\/es\/productes\/"]}]},{"@type":"BreadcrumbList","@id":"https:\/\/vidalalimentacio.com\/es\/productes\/#breadcrumb","itemListElement":[{"@type":"ListItem","position":1,"name":"Portada","item":"https:\/\/vidalalimentacio.com\/es\/inici\/"},{"@type":"ListItem","position":2,"name":"Productos"}]},{"@type":"WebSite","@id":"https:\/\/vidalalimentacio.com\/#website","url":"https:\/\/vidalalimentacio.com\/","name":"Vidal Alimentaci\u00f3","description":"","potentialAction":[{"@type":"SearchAction","target":{"@type":"EntryPoint","urlTemplate":"https:\/\/vidalalimentacio.com\/?s={search_term_string}"},"query-input":"required name=search_term_string"}],"inLanguage":"es"}]}},"_links":{"self":[{"href":"https:\/\/vidalalimentacio.com\/es\/wp-json\/wp\/v2\/pages\/4914","targetHints":{"allow":["GET"]}}],"collection":[{"href":"https:\/\/vidalalimentacio.com\/es\/wp-json\/wp\/v2\/pages"}],"about":[{"href":"https:\/\/vidalalimentacio.com\/es\/wp-json\/wp\/v2\/types\/page"}],"author":[{"embeddable":true,"href":"https:\/\/vidalalimentacio.com\/es\/wp-json\/wp\/v2\/users\/1"}],"replies":[{"embeddable":true,"href":"https:\/\/vidalalimentacio.com\/es\/wp-json\/wp\/v2\/comments?post=4914"}],"version-history":[{"count":2,"href":"https:\/\/vidalalimentacio.com\/es\/wp-json\/wp\/v2\/pages\/4914\/revisions"}],"predecessor-version":[{"id":4927,"href":"https:\/\/vidalalimentacio.com\/es\/wp-json\/wp\/v2\/pages\/4914\/revisions\/4927"}],"wp:attachment":[{"href":"https:\/\/vidalalimentacio.com\/es\/wp-json\/wp\/v2\/media?parent=4914"}],"curies":[{"name":"wp","href":"https:\/\/api.w.org\/{rel}","templated":true}]}}